{"id":209,"date":"2024-08-01T20:42:41","date_gmt":"2024-08-01T18:42:41","guid":{"rendered":"http:\/\/fousdes.cluster023.hosting.ovh.net\/?page_id=209"},"modified":"2024-09-02T19:16:48","modified_gmt":"2024-09-02T17:16:48","slug":"2020-2","status":"publish","type":"page","link":"http:\/\/fousdes.cluster023.hosting.ovh.net\/index.php\/2020-2\/","title":{"rendered":"2008"},"content":{"rendered":"\n<figure class=\"wp-block-pullquote\"><blockquote><p><strong><em>Le Pouliguen : 30\u00e8me anniversaire  <\/em><\/strong><\/p><\/blockquote><\/figure>\n\n\n\n<figure class=\"wp-block-pullquote\"><blockquote><p><strong><em>Cr\u00e9ation 1<sup>er<\/sup> album  <\/em><\/strong><\/p><\/blockquote><\/figure>\n\n\n<div class=\"wp-block-image\">\n<figure class=\"aligncenter size-large is-resized\"><img loading=\"lazy\" decoding=\"async\" width=\"1024\" height=\"768\" src=\"https:\/\/fousdes.cluster023.hosting.ovh.net\/wp-content\/uploads\/2024\/09\/Photo-144-1024x768.jpg\" alt=\"\" class=\"wp-image-792\" style=\"width:621px;height:auto\" srcset=\"http:\/\/fousdes.cluster023.hosting.ovh.net\/wp-content\/uploads\/2024\/09\/Photo-144-1024x768.jpg 1024w, http:\/\/fousdes.cluster023.hosting.ovh.net\/wp-content\/uploads\/2024\/09\/Photo-144-300x225.jpg 300w, http:\/\/fousdes.cluster023.hosting.ovh.net\/wp-content\/uploads\/2024\/09\/Photo-144-768x576.jpg 768w, http:\/\/fousdes.cluster023.hosting.ovh.net\/wp-content\/uploads\/2024\/09\/Photo-144.jpg 1280w\" sizes=\"auto, (max-width: 1024px) 100vw, 1024px\" \/><\/figure>\n<\/div>\n\n\n<figure class=\"wp-block-pullquote\"><blockquote><p><strong><em> Le Pouliguen F\u00eate de la Musique<\/em><\/strong><\/p><\/blockquote><\/figure>\n\n\n\n<figure class=\"wp-block-pullquote\"><blockquote><p><strong><em>  Le Pouliguen Concert sur le Port<\/em><\/strong><\/p><\/blockquote><\/figure>\n","protected":false},"excerpt":{"rendered":"<p>Le Pouliguen : 30\u00e8me anniversaire Cr\u00e9ation 1er album Le Pouliguen F\u00eate de la Musique Le Pouliguen Concert sur le Port<\/p>\n","protected":false},"author":1,"featured_media":0,"parent":0,"menu_order":0,"comment_status":"closed","ping_status":"closed","template":"","meta":{"neve_meta_sidebar":"","neve_meta_container":"","neve_meta_enable_content_width":"","neve_meta_content_width":0,"neve_meta_title_alignment":"","neve_meta_author_avatar":"","neve_post_elements_order":"","neve_meta_disable_header":"","neve_meta_disable_footer":"","neve_meta_disable_title":"","footnotes":""},"class_list":["post-209","page","type-page","status-publish","hentry"],"yoast_head":"<!-- This site is optimized with the Yoast SEO plugin v23.4 - https:\/\/yoast.com\/wordpress\/plugins\/seo\/ -->\n<title>2008 - LES FOUS DE BASSAN<\/title>\n<meta name=\"robots\" content=\"index, follow, max-snippet:-1, max-image-preview:large, max-video-preview:-1\" \/>\n<link rel=\"canonical\" href=\"http:\/\/fousdes.cluster023.hosting.ovh.net\/index.php\/2020-2\/\" \/>\n<meta property=\"og:locale\" content=\"fr_FR\" \/>\n<meta property=\"og:type\" content=\"article\" \/>\n<meta property=\"og:title\" content=\"2008 - LES FOUS DE BASSAN\" \/>\n<meta property=\"og:description\" content=\"Le Pouliguen : 30\u00e8me anniversaire Cr\u00e9ation 1er album Le Pouliguen F\u00eate de la Musique Le Pouliguen Concert sur le Port\" \/>\n<meta property=\"og:url\" content=\"http:\/\/fousdes.cluster023.hosting.ovh.net\/index.php\/2020-2\/\" \/>\n<meta property=\"og:site_name\" content=\"LES FOUS DE BASSAN\" \/>\n<meta property=\"article:modified_time\" content=\"2024-09-02T17:16:48+00:00\" \/>\n<meta property=\"og:image\" content=\"https:\/\/fousdes.cluster023.hosting.ovh.net\/wp-content\/uploads\/2024\/09\/Photo-144-1024x768.jpg\" \/>\n<meta name=\"twitter:card\" content=\"summary_large_image\" \/>\n<meta name=\"twitter:label1\" content=\"Dur\u00e9e de lecture estim\u00e9e\" \/>\n\t<meta name=\"twitter:data1\" content=\"1 minute\" \/>\n<script type=\"application\/ld+json\" class=\"yoast-schema-graph\">{\"@context\":\"https:\/\/schema.org\",\"@graph\":[{\"@type\":\"WebPage\",\"@id\":\"http:\/\/fousdes.cluster023.hosting.ovh.net\/index.php\/2020-2\/\",\"url\":\"http:\/\/fousdes.cluster023.hosting.ovh.net\/index.php\/2020-2\/\",\"name\":\"2008 - LES FOUS DE BASSAN\",\"isPartOf\":{\"@id\":\"http:\/\/fousdes.cluster023.hosting.ovh.net\/#website\"},\"primaryImageOfPage\":{\"@id\":\"http:\/\/fousdes.cluster023.hosting.ovh.net\/index.php\/2020-2\/#primaryimage\"},\"image\":{\"@id\":\"http:\/\/fousdes.cluster023.hosting.ovh.net\/index.php\/2020-2\/#primaryimage\"},\"thumbnailUrl\":\"https:\/\/fousdes.cluster023.hosting.ovh.net\/wp-content\/uploads\/2024\/09\/Photo-144-1024x768.jpg\",\"datePublished\":\"2024-08-01T18:42:41+00:00\",\"dateModified\":\"2024-09-02T17:16:48+00:00\",\"breadcrumb\":{\"@id\":\"http:\/\/fousdes.cluster023.hosting.ovh.net\/index.php\/2020-2\/#breadcrumb\"},\"inLanguage\":\"fr-FR\",\"potentialAction\":[{\"@type\":\"ReadAction\",\"target\":[\"http:\/\/fousdes.cluster023.hosting.ovh.net\/index.php\/2020-2\/\"]}]},{\"@type\":\"ImageObject\",\"inLanguage\":\"fr-FR\",\"@id\":\"http:\/\/fousdes.cluster023.hosting.ovh.net\/index.php\/2020-2\/#primaryimage\",\"url\":\"http:\/\/fousdes.cluster023.hosting.ovh.net\/wp-content\/uploads\/2024\/09\/Photo-144.jpg\",\"contentUrl\":\"http:\/\/fousdes.cluster023.hosting.ovh.net\/wp-content\/uploads\/2024\/09\/Photo-144.jpg\",\"width\":1280,\"height\":960},{\"@type\":\"BreadcrumbList\",\"@id\":\"http:\/\/fousdes.cluster023.hosting.ovh.net\/index.php\/2020-2\/#breadcrumb\",\"itemListElement\":[{\"@type\":\"ListItem\",\"position\":1,\"name\":\"Accueil\",\"item\":\"http:\/\/fousdes.cluster023.hosting.ovh.net\/\"},{\"@type\":\"ListItem\",\"position\":2,\"name\":\"2008\"}]},{\"@type\":\"WebSite\",\"@id\":\"http:\/\/fousdes.cluster023.hosting.ovh.net\/#website\",\"url\":\"http:\/\/fousdes.cluster023.hosting.ovh.net\/\",\"name\":\"LES FOUS DE BASSAN\",\"description\":\"\",\"publisher\":{\"@id\":\"http:\/\/fousdes.cluster023.hosting.ovh.net\/#organization\"},\"potentialAction\":[{\"@type\":\"SearchAction\",\"target\":{\"@type\":\"EntryPoint\",\"urlTemplate\":\"http:\/\/fousdes.cluster023.hosting.ovh.net\/?s={search_term_string}\"},\"query-input\":{\"@type\":\"PropertyValueSpecification\",\"valueRequired\":true,\"valueName\":\"search_term_string\"}}],\"inLanguage\":\"fr-FR\"},{\"@type\":\"Organization\",\"@id\":\"http:\/\/fousdes.cluster023.hosting.ovh.net\/#organization\",\"name\":\"LES FOUS DE BASSAN\",\"url\":\"http:\/\/fousdes.cluster023.hosting.ovh.net\/\",\"logo\":{\"@type\":\"ImageObject\",\"inLanguage\":\"fr-FR\",\"@id\":\"http:\/\/fousdes.cluster023.hosting.ovh.net\/#\/schema\/logo\/image\/\",\"url\":\"http:\/\/fousdes.cluster023.hosting.ovh.net\/wp-content\/uploads\/2024\/07\/cropped-images.png\",\"contentUrl\":\"http:\/\/fousdes.cluster023.hosting.ovh.net\/wp-content\/uploads\/2024\/07\/cropped-images.png\",\"width\":225,\"height\":225,\"caption\":\"LES FOUS DE BASSAN\"},\"image\":{\"@id\":\"http:\/\/fousdes.cluster023.hosting.ovh.net\/#\/schema\/logo\/image\/\"}}]}<\/script>\n<!-- \/ Yoast SEO plugin. -->","yoast_head_json":{"title":"2008 - LES FOUS DE BASSAN","robots":{"index":"index","follow":"follow","max-snippet":"max-snippet:-1","max-image-preview":"max-image-preview:large","max-video-preview":"max-video-preview:-1"},"canonical":"http:\/\/fousdes.cluster023.hosting.ovh.net\/index.php\/2020-2\/","og_locale":"fr_FR","og_type":"article","og_title":"2008 - LES FOUS DE BASSAN","og_description":"Le Pouliguen : 30\u00e8me anniversaire Cr\u00e9ation 1er album Le Pouliguen F\u00eate de la Musique Le Pouliguen Concert sur le Port","og_url":"http:\/\/fousdes.cluster023.hosting.ovh.net\/index.php\/2020-2\/","og_site_name":"LES FOUS DE BASSAN","article_modified_time":"2024-09-02T17:16:48+00:00","og_image":[{"url":"https:\/\/fousdes.cluster023.hosting.ovh.net\/wp-content\/uploads\/2024\/09\/Photo-144-1024x768.jpg"}],"twitter_card":"summary_large_image","twitter_misc":{"Dur\u00e9e de lecture estim\u00e9e":"1 minute"},"schema":{"@context":"https:\/\/schema.org","@graph":[{"@type":"WebPage","@id":"http:\/\/fousdes.cluster023.hosting.ovh.net\/index.php\/2020-2\/","url":"http:\/\/fousdes.cluster023.hosting.ovh.net\/index.php\/2020-2\/","name":"2008 - LES FOUS DE BASSAN","isPartOf":{"@id":"http:\/\/fousdes.cluster023.hosting.ovh.net\/#website"},"primaryImageOfPage":{"@id":"http:\/\/fousdes.cluster023.hosting.ovh.net\/index.php\/2020-2\/#primaryimage"},"image":{"@id":"http:\/\/fousdes.cluster023.hosting.ovh.net\/index.php\/2020-2\/#primaryimage"},"thumbnailUrl":"https:\/\/fousdes.cluster023.hosting.ovh.net\/wp-content\/uploads\/2024\/09\/Photo-144-1024x768.jpg","datePublished":"2024-08-01T18:42:41+00:00","dateModified":"2024-09-02T17:16:48+00:00","breadcrumb":{"@id":"http:\/\/fousdes.cluster023.hosting.ovh.net\/index.php\/2020-2\/#breadcrumb"},"inLanguage":"fr-FR","potentialAction":[{"@type":"ReadAction","target":["http:\/\/fousdes.cluster023.hosting.ovh.net\/index.php\/2020-2\/"]}]},{"@type":"ImageObject","inLanguage":"fr-FR","@id":"http:\/\/fousdes.cluster023.hosting.ovh.net\/index.php\/2020-2\/#primaryimage","url":"http:\/\/fousdes.cluster023.hosting.ovh.net\/wp-content\/uploads\/2024\/09\/Photo-144.jpg","contentUrl":"http:\/\/fousdes.cluster023.hosting.ovh.net\/wp-content\/uploads\/2024\/09\/Photo-144.jpg","width":1280,"height":960},{"@type":"BreadcrumbList","@id":"http:\/\/fousdes.cluster023.hosting.ovh.net\/index.php\/2020-2\/#breadcrumb","itemListElement":[{"@type":"ListItem","position":1,"name":"Accueil","item":"http:\/\/fousdes.cluster023.hosting.ovh.net\/"},{"@type":"ListItem","position":2,"name":"2008"}]},{"@type":"WebSite","@id":"http:\/\/fousdes.cluster023.hosting.ovh.net\/#website","url":"http:\/\/fousdes.cluster023.hosting.ovh.net\/","name":"LES FOUS DE BASSAN","description":"","publisher":{"@id":"http:\/\/fousdes.cluster023.hosting.ovh.net\/#organization"},"potentialAction":[{"@type":"SearchAction","target":{"@type":"EntryPoint","urlTemplate":"http:\/\/fousdes.cluster023.hosting.ovh.net\/?s={search_term_string}"},"query-input":{"@type":"PropertyValueSpecification","valueRequired":true,"valueName":"search_term_string"}}],"inLanguage":"fr-FR"},{"@type":"Organization","@id":"http:\/\/fousdes.cluster023.hosting.ovh.net\/#organization","name":"LES FOUS DE BASSAN","url":"http:\/\/fousdes.cluster023.hosting.ovh.net\/","logo":{"@type":"ImageObject","inLanguage":"fr-FR","@id":"http:\/\/fousdes.cluster023.hosting.ovh.net\/#\/schema\/logo\/image\/","url":"http:\/\/fousdes.cluster023.hosting.ovh.net\/wp-content\/uploads\/2024\/07\/cropped-images.png","contentUrl":"http:\/\/fousdes.cluster023.hosting.ovh.net\/wp-content\/uploads\/2024\/07\/cropped-images.png","width":225,"height":225,"caption":"LES FOUS DE BASSAN"},"image":{"@id":"http:\/\/fousdes.cluster023.hosting.ovh.net\/#\/schema\/logo\/image\/"}}]}},"_links":{"self":[{"href":"http:\/\/fousdes.cluster023.hosting.ovh.net\/index.php\/wp-json\/wp\/v2\/pages\/209","targetHints":{"allow":["GET"]}}],"collection":[{"href":"http:\/\/fousdes.cluster023.hosting.ovh.net\/index.php\/wp-json\/wp\/v2\/pages"}],"about":[{"href":"http:\/\/fousdes.cluster023.hosting.ovh.net\/index.php\/wp-json\/wp\/v2\/types\/page"}],"author":[{"embeddable":true,"href":"http:\/\/fousdes.cluster023.hosting.ovh.net\/index.php\/wp-json\/wp\/v2\/users\/1"}],"replies":[{"embeddable":true,"href":"http:\/\/fousdes.cluster023.hosting.ovh.net\/index.php\/wp-json\/wp\/v2\/comments?post=209"}],"version-history":[{"count":4,"href":"http:\/\/fousdes.cluster023.hosting.ovh.net\/index.php\/wp-json\/wp\/v2\/pages\/209\/revisions"}],"predecessor-version":[{"id":794,"href":"http:\/\/fousdes.cluster023.hosting.ovh.net\/index.php\/wp-json\/wp\/v2\/pages\/209\/revisions\/794"}],"wp:attachment":[{"href":"http:\/\/fousdes.cluster023.hosting.ovh.net\/index.php\/wp-json\/wp\/v2\/media?parent=209"}],"curies":[{"name":"wp","href":"https:\/\/api.w.org\/{rel}","templated":true}]}}