{"id":337,"date":"2024-08-04T22:09:32","date_gmt":"2024-08-04T20:09:32","guid":{"rendered":"https:\/\/fousdes.cluster023.hosting.ovh.net\/?page_id=337"},"modified":"2024-09-03T10:47:11","modified_gmt":"2024-09-03T08:47:11","slug":"337-2","status":"publish","type":"page","link":"http:\/\/fousdes.cluster023.hosting.ovh.net\/index.php\/337-2\/","title":{"rendered":"2017"},"content":{"rendered":"\n<figure class=\"wp-block-pullquote\"><blockquote><p><strong><em>Le Pouliguen Jeudis du Port<\/em><\/strong><\/p><\/blockquote><\/figure>\n\n\n\n<figure class=\"wp-block-pullquote\"><blockquote><p><strong><em><br>Le Pouliguen Chorale des 3 Villages<\/em><\/strong><\/p><\/blockquote><\/figure>\n\n\n<div class=\"wp-block-image\">\n<figure class=\"aligncenter size-full is-resized\"><img loading=\"lazy\" decoding=\"async\" width=\"724\" height=\"1024\" src=\"https:\/\/fousdes.cluster023.hosting.ovh.net\/wp-content\/uploads\/2024\/08\/VILLAGE-1.jpg\" alt=\"\" class=\"wp-image-496\" style=\"width:393px;height:auto\" srcset=\"http:\/\/fousdes.cluster023.hosting.ovh.net\/wp-content\/uploads\/2024\/08\/VILLAGE-1.jpg 724w, http:\/\/fousdes.cluster023.hosting.ovh.net\/wp-content\/uploads\/2024\/08\/VILLAGE-1-212x300.jpg 212w\" sizes=\"auto, (max-width: 724px) 100vw, 724px\" \/><\/figure>\n<\/div>\n\n\n<figure class=\"wp-block-pullquote\"><blockquote><p><strong><em><br>Yvr\u00e9 l\u2019Ev\u00eaque Concert<\/em><\/strong><\/p><\/blockquote><\/figure>\n\n\n\n<figure class=\"wp-block-pullquote\"><blockquote><p><strong><em><br>St Gilles + de Vie F\u00eate de la sardine<\/em><\/strong><\/p><\/blockquote><\/figure>\n\n\n<div class=\"wp-block-image\">\n<figure class=\"aligncenter size-full is-resized\"><img loading=\"lazy\" decoding=\"async\" width=\"768\" height=\"572\" src=\"https:\/\/fousdes.cluster023.hosting.ovh.net\/wp-content\/uploads\/2024\/08\/SARDINE-2.jpg\" alt=\"\" class=\"wp-image-481\" style=\"width:678px;height:auto\" srcset=\"http:\/\/fousdes.cluster023.hosting.ovh.net\/wp-content\/uploads\/2024\/08\/SARDINE-2.jpg 768w, http:\/\/fousdes.cluster023.hosting.ovh.net\/wp-content\/uploads\/2024\/08\/SARDINE-2-300x223.jpg 300w\" sizes=\"auto, (max-width: 768px) 100vw, 768px\" \/><\/figure>\n<\/div>\n\n\n<figure class=\"wp-block-pullquote\"><blockquote><p><strong><em><br>Blain F\u00eate de la Saint Laurent<\/em><\/strong><\/p><\/blockquote><\/figure>\n\n\n<div class=\"wp-block-image\">\n<figure class=\"aligncenter size-full is-resized\"><img loading=\"lazy\" decoding=\"async\" width=\"1024\" height=\"422\" src=\"https:\/\/fousdes.cluster023.hosting.ovh.net\/wp-content\/uploads\/2024\/08\/BLAIN-2.jpg\" alt=\"\" class=\"wp-image-437\" style=\"width:969px;height:auto\" srcset=\"http:\/\/fousdes.cluster023.hosting.ovh.net\/wp-content\/uploads\/2024\/08\/BLAIN-2.jpg 1024w, http:\/\/fousdes.cluster023.hosting.ovh.net\/wp-content\/uploads\/2024\/08\/BLAIN-2-300x124.jpg 300w, http:\/\/fousdes.cluster023.hosting.ovh.net\/wp-content\/uploads\/2024\/08\/BLAIN-2-768x317.jpg 768w\" sizes=\"auto, (max-width: 1024px) 100vw, 1024px\" \/><\/figure>\n<\/div>\n\n\n<figure class=\"wp-block-pullquote\"><blockquote><p><strong><em><br>Batz sur Mer Mus\u00e9e des marais salants (5 fois)<\/em><\/strong><\/p><\/blockquote><\/figure>\n\n\n\n<div class=\"wp-block-group is-nowrap is-layout-flex wp-container-core-group-is-layout-ad2f72ca wp-block-group-is-layout-flex\">\n<figure class=\"wp-block-image size-large is-resized\"><img loading=\"lazy\" decoding=\"async\" width=\"1024\" height=\"768\" src=\"http:\/\/fousdes.cluster023.hosting.ovh.net\/wp-content\/uploads\/2024\/08\/IMG_1788-1024x768.jpg\" alt=\"\" class=\"wp-image-438\" style=\"width:466px;height:auto\" srcset=\"http:\/\/fousdes.cluster023.hosting.ovh.net\/wp-content\/uploads\/2024\/08\/IMG_1788-1024x768.jpg 1024w, http:\/\/fousdes.cluster023.hosting.ovh.net\/wp-content\/uploads\/2024\/08\/IMG_1788-300x225.jpg 300w, http:\/\/fousdes.cluster023.hosting.ovh.net\/wp-content\/uploads\/2024\/08\/IMG_1788-768x576.jpg 768w, http:\/\/fousdes.cluster023.hosting.ovh.net\/wp-content\/uploads\/2024\/08\/IMG_1788-1536x1152.jpg 1536w, http:\/\/fousdes.cluster023.hosting.ovh.net\/wp-content\/uploads\/2024\/08\/IMG_1788-2048x1536.jpg 2048w\" sizes=\"auto, (max-width: 1024px) 100vw, 1024px\" \/><\/figure>\n\n\n\n<figure class=\"wp-block-image size-large is-resized\"><img loading=\"lazy\" decoding=\"async\" width=\"1024\" height=\"463\" src=\"https:\/\/fousdes.cluster023.hosting.ovh.net\/wp-content\/uploads\/2024\/09\/DSC_4156-1-1024x463.jpg\" alt=\"\" class=\"wp-image-812\" style=\"width:775px;height:auto\" srcset=\"http:\/\/fousdes.cluster023.hosting.ovh.net\/wp-content\/uploads\/2024\/09\/DSC_4156-1-1024x463.jpg 1024w, http:\/\/fousdes.cluster023.hosting.ovh.net\/wp-content\/uploads\/2024\/09\/DSC_4156-1-300x136.jpg 300w, http:\/\/fousdes.cluster023.hosting.ovh.net\/wp-content\/uploads\/2024\/09\/DSC_4156-1-768x348.jpg 768w, http:\/\/fousdes.cluster023.hosting.ovh.net\/wp-content\/uploads\/2024\/09\/DSC_4156-1-1536x695.jpg 1536w, http:\/\/fousdes.cluster023.hosting.ovh.net\/wp-content\/uploads\/2024\/09\/DSC_4156-1-2048x927.jpg 2048w\" sizes=\"auto, (max-width: 1024px) 100vw, 1024px\" \/><\/figure>\n<\/div>\n\n\n\n<figure class=\"wp-block-pullquote\"><blockquote><p><strong><em><br>Le Pouliguen Sortie 4\u00e8me album<\/em><\/strong><\/p><\/blockquote><\/figure>\n\n\n\n<div class=\"wp-block-group is-nowrap is-layout-flex wp-container-core-group-is-layout-ad2f72ca wp-block-group-is-layout-flex\">\n<figure class=\"wp-block-image size-full is-resized\"><img loading=\"lazy\" decoding=\"async\" width=\"768\" height=\"455\" src=\"http:\/\/fousdes.cluster023.hosting.ovh.net\/wp-content\/uploads\/2024\/08\/CONCERT-2017-4.jpg\" alt=\"\" class=\"wp-image-440\" style=\"width:596px;height:auto\" srcset=\"http:\/\/fousdes.cluster023.hosting.ovh.net\/wp-content\/uploads\/2024\/08\/CONCERT-2017-4.jpg 768w, http:\/\/fousdes.cluster023.hosting.ovh.net\/wp-content\/uploads\/2024\/08\/CONCERT-2017-4-300x178.jpg 300w\" sizes=\"auto, (max-width: 768px) 100vw, 768px\" \/><\/figure>\n<\/div>\n","protected":false},"excerpt":{"rendered":"<p>Le Pouliguen Jeudis du Port Le Pouliguen Chorale des 3 Villages Yvr\u00e9 l\u2019Ev\u00eaque Concert St Gilles + de Vie F\u00eate de la sardine Blain F\u00eate de la Saint Laurent Batz sur Mer Mus\u00e9e des marais salants (5 fois) Le Pouliguen Sortie 4\u00e8me album<\/p>\n","protected":false},"author":1,"featured_media":0,"parent":0,"menu_order":0,"comment_status":"closed","ping_status":"closed","template":"","meta":{"neve_meta_sidebar":"","neve_meta_container":"","neve_meta_enable_content_width":"","neve_meta_content_width":0,"neve_meta_title_alignment":"","neve_meta_author_avatar":"","neve_post_elements_order":"","neve_meta_disable_header":"","neve_meta_disable_footer":"","neve_meta_disable_title":"","footnotes":""},"class_list":["post-337","page","type-page","status-publish","hentry"],"yoast_head":"<!-- This site is optimized with the Yoast SEO plugin v23.4 - https:\/\/yoast.com\/wordpress\/plugins\/seo\/ -->\n<title>2017 - LES FOUS DE BASSAN<\/title>\n<meta name=\"robots\" content=\"index, follow, max-snippet:-1, max-image-preview:large, max-video-preview:-1\" \/>\n<link rel=\"canonical\" href=\"http:\/\/fousdes.cluster023.hosting.ovh.net\/index.php\/337-2\/\" \/>\n<meta property=\"og:locale\" content=\"fr_FR\" \/>\n<meta property=\"og:type\" content=\"article\" \/>\n<meta property=\"og:title\" content=\"2017 - LES FOUS DE BASSAN\" \/>\n<meta property=\"og:description\" content=\"Le Pouliguen Jeudis du Port Le Pouliguen Chorale des 3 Villages Yvr\u00e9 l\u2019Ev\u00eaque Concert St Gilles + de Vie F\u00eate de la sardine Blain F\u00eate de la Saint Laurent Batz sur Mer Mus\u00e9e des marais salants (5 fois) Le Pouliguen Sortie 4\u00e8me album\" \/>\n<meta property=\"og:url\" content=\"http:\/\/fousdes.cluster023.hosting.ovh.net\/index.php\/337-2\/\" \/>\n<meta property=\"og:site_name\" content=\"LES FOUS DE BASSAN\" \/>\n<meta property=\"article:modified_time\" content=\"2024-09-03T08:47:11+00:00\" \/>\n<meta property=\"og:image\" content=\"https:\/\/fousdes.cluster023.hosting.ovh.net\/wp-content\/uploads\/2024\/08\/VILLAGE-1.jpg\" \/>\n<meta name=\"twitter:card\" content=\"summary_large_image\" \/>\n<meta name=\"twitter:label1\" content=\"Dur\u00e9e de lecture estim\u00e9e\" \/>\n\t<meta name=\"twitter:data1\" content=\"2 minutes\" \/>\n<script type=\"application\/ld+json\" class=\"yoast-schema-graph\">{\"@context\":\"https:\/\/schema.org\",\"@graph\":[{\"@type\":\"WebPage\",\"@id\":\"http:\/\/fousdes.cluster023.hosting.ovh.net\/index.php\/337-2\/\",\"url\":\"http:\/\/fousdes.cluster023.hosting.ovh.net\/index.php\/337-2\/\",\"name\":\"2017 - LES FOUS DE BASSAN\",\"isPartOf\":{\"@id\":\"http:\/\/fousdes.cluster023.hosting.ovh.net\/#website\"},\"primaryImageOfPage\":{\"@id\":\"http:\/\/fousdes.cluster023.hosting.ovh.net\/index.php\/337-2\/#primaryimage\"},\"image\":{\"@id\":\"http:\/\/fousdes.cluster023.hosting.ovh.net\/index.php\/337-2\/#primaryimage\"},\"thumbnailUrl\":\"https:\/\/fousdes.cluster023.hosting.ovh.net\/wp-content\/uploads\/2024\/08\/VILLAGE-1.jpg\",\"datePublished\":\"2024-08-04T20:09:32+00:00\",\"dateModified\":\"2024-09-03T08:47:11+00:00\",\"breadcrumb\":{\"@id\":\"http:\/\/fousdes.cluster023.hosting.ovh.net\/index.php\/337-2\/#breadcrumb\"},\"inLanguage\":\"fr-FR\",\"potentialAction\":[{\"@type\":\"ReadAction\",\"target\":[\"http:\/\/fousdes.cluster023.hosting.ovh.net\/index.php\/337-2\/\"]}]},{\"@type\":\"ImageObject\",\"inLanguage\":\"fr-FR\",\"@id\":\"http:\/\/fousdes.cluster023.hosting.ovh.net\/index.php\/337-2\/#primaryimage\",\"url\":\"http:\/\/fousdes.cluster023.hosting.ovh.net\/wp-content\/uploads\/2024\/08\/VILLAGE-1.jpg\",\"contentUrl\":\"http:\/\/fousdes.cluster023.hosting.ovh.net\/wp-content\/uploads\/2024\/08\/VILLAGE-1.jpg\",\"width\":724,\"height\":1024},{\"@type\":\"BreadcrumbList\",\"@id\":\"http:\/\/fousdes.cluster023.hosting.ovh.net\/index.php\/337-2\/#breadcrumb\",\"itemListElement\":[{\"@type\":\"ListItem\",\"position\":1,\"name\":\"Accueil\",\"item\":\"http:\/\/fousdes.cluster023.hosting.ovh.net\/\"},{\"@type\":\"ListItem\",\"position\":2,\"name\":\"2017\"}]},{\"@type\":\"WebSite\",\"@id\":\"http:\/\/fousdes.cluster023.hosting.ovh.net\/#website\",\"url\":\"http:\/\/fousdes.cluster023.hosting.ovh.net\/\",\"name\":\"LES FOUS DE BASSAN\",\"description\":\"\",\"publisher\":{\"@id\":\"http:\/\/fousdes.cluster023.hosting.ovh.net\/#organization\"},\"potentialAction\":[{\"@type\":\"SearchAction\",\"target\":{\"@type\":\"EntryPoint\",\"urlTemplate\":\"http:\/\/fousdes.cluster023.hosting.ovh.net\/?s={search_term_string}\"},\"query-input\":{\"@type\":\"PropertyValueSpecification\",\"valueRequired\":true,\"valueName\":\"search_term_string\"}}],\"inLanguage\":\"fr-FR\"},{\"@type\":\"Organization\",\"@id\":\"http:\/\/fousdes.cluster023.hosting.ovh.net\/#organization\",\"name\":\"LES FOUS DE BASSAN\",\"url\":\"http:\/\/fousdes.cluster023.hosting.ovh.net\/\",\"logo\":{\"@type\":\"ImageObject\",\"inLanguage\":\"fr-FR\",\"@id\":\"http:\/\/fousdes.cluster023.hosting.ovh.net\/#\/schema\/logo\/image\/\",\"url\":\"http:\/\/fousdes.cluster023.hosting.ovh.net\/wp-content\/uploads\/2024\/07\/cropped-images.png\",\"contentUrl\":\"http:\/\/fousdes.cluster023.hosting.ovh.net\/wp-content\/uploads\/2024\/07\/cropped-images.png\",\"width\":225,\"height\":225,\"caption\":\"LES FOUS DE BASSAN\"},\"image\":{\"@id\":\"http:\/\/fousdes.cluster023.hosting.ovh.net\/#\/schema\/logo\/image\/\"}}]}<\/script>\n<!-- \/ Yoast SEO plugin. -->","yoast_head_json":{"title":"2017 - LES FOUS DE BASSAN","robots":{"index":"index","follow":"follow","max-snippet":"max-snippet:-1","max-image-preview":"max-image-preview:large","max-video-preview":"max-video-preview:-1"},"canonical":"http:\/\/fousdes.cluster023.hosting.ovh.net\/index.php\/337-2\/","og_locale":"fr_FR","og_type":"article","og_title":"2017 - LES FOUS DE BASSAN","og_description":"Le Pouliguen Jeudis du Port Le Pouliguen Chorale des 3 Villages Yvr\u00e9 l\u2019Ev\u00eaque Concert St Gilles + de Vie F\u00eate de la sardine Blain F\u00eate de la Saint Laurent Batz sur Mer Mus\u00e9e des marais salants (5 fois) Le Pouliguen Sortie 4\u00e8me album","og_url":"http:\/\/fousdes.cluster023.hosting.ovh.net\/index.php\/337-2\/","og_site_name":"LES FOUS DE BASSAN","article_modified_time":"2024-09-03T08:47:11+00:00","og_image":[{"url":"https:\/\/fousdes.cluster023.hosting.ovh.net\/wp-content\/uploads\/2024\/08\/VILLAGE-1.jpg"}],"twitter_card":"summary_large_image","twitter_misc":{"Dur\u00e9e de lecture estim\u00e9e":"2 minutes"},"schema":{"@context":"https:\/\/schema.org","@graph":[{"@type":"WebPage","@id":"http:\/\/fousdes.cluster023.hosting.ovh.net\/index.php\/337-2\/","url":"http:\/\/fousdes.cluster023.hosting.ovh.net\/index.php\/337-2\/","name":"2017 - LES FOUS DE BASSAN","isPartOf":{"@id":"http:\/\/fousdes.cluster023.hosting.ovh.net\/#website"},"primaryImageOfPage":{"@id":"http:\/\/fousdes.cluster023.hosting.ovh.net\/index.php\/337-2\/#primaryimage"},"image":{"@id":"http:\/\/fousdes.cluster023.hosting.ovh.net\/index.php\/337-2\/#primaryimage"},"thumbnailUrl":"https:\/\/fousdes.cluster023.hosting.ovh.net\/wp-content\/uploads\/2024\/08\/VILLAGE-1.jpg","datePublished":"2024-08-04T20:09:32+00:00","dateModified":"2024-09-03T08:47:11+00:00","breadcrumb":{"@id":"http:\/\/fousdes.cluster023.hosting.ovh.net\/index.php\/337-2\/#breadcrumb"},"inLanguage":"fr-FR","potentialAction":[{"@type":"ReadAction","target":["http:\/\/fousdes.cluster023.hosting.ovh.net\/index.php\/337-2\/"]}]},{"@type":"ImageObject","inLanguage":"fr-FR","@id":"http:\/\/fousdes.cluster023.hosting.ovh.net\/index.php\/337-2\/#primaryimage","url":"http:\/\/fousdes.cluster023.hosting.ovh.net\/wp-content\/uploads\/2024\/08\/VILLAGE-1.jpg","contentUrl":"http:\/\/fousdes.cluster023.hosting.ovh.net\/wp-content\/uploads\/2024\/08\/VILLAGE-1.jpg","width":724,"height":1024},{"@type":"BreadcrumbList","@id":"http:\/\/fousdes.cluster023.hosting.ovh.net\/index.php\/337-2\/#breadcrumb","itemListElement":[{"@type":"ListItem","position":1,"name":"Accueil","item":"http:\/\/fousdes.cluster023.hosting.ovh.net\/"},{"@type":"ListItem","position":2,"name":"2017"}]},{"@type":"WebSite","@id":"http:\/\/fousdes.cluster023.hosting.ovh.net\/#website","url":"http:\/\/fousdes.cluster023.hosting.ovh.net\/","name":"LES FOUS DE BASSAN","description":"","publisher":{"@id":"http:\/\/fousdes.cluster023.hosting.ovh.net\/#organization"},"potentialAction":[{"@type":"SearchAction","target":{"@type":"EntryPoint","urlTemplate":"http:\/\/fousdes.cluster023.hosting.ovh.net\/?s={search_term_string}"},"query-input":{"@type":"PropertyValueSpecification","valueRequired":true,"valueName":"search_term_string"}}],"inLanguage":"fr-FR"},{"@type":"Organization","@id":"http:\/\/fousdes.cluster023.hosting.ovh.net\/#organization","name":"LES FOUS DE BASSAN","url":"http:\/\/fousdes.cluster023.hosting.ovh.net\/","logo":{"@type":"ImageObject","inLanguage":"fr-FR","@id":"http:\/\/fousdes.cluster023.hosting.ovh.net\/#\/schema\/logo\/image\/","url":"http:\/\/fousdes.cluster023.hosting.ovh.net\/wp-content\/uploads\/2024\/07\/cropped-images.png","contentUrl":"http:\/\/fousdes.cluster023.hosting.ovh.net\/wp-content\/uploads\/2024\/07\/cropped-images.png","width":225,"height":225,"caption":"LES FOUS DE BASSAN"},"image":{"@id":"http:\/\/fousdes.cluster023.hosting.ovh.net\/#\/schema\/logo\/image\/"}}]}},"_links":{"self":[{"href":"http:\/\/fousdes.cluster023.hosting.ovh.net\/index.php\/wp-json\/wp\/v2\/pages\/337","targetHints":{"allow":["GET"]}}],"collection":[{"href":"http:\/\/fousdes.cluster023.hosting.ovh.net\/index.php\/wp-json\/wp\/v2\/pages"}],"about":[{"href":"http:\/\/fousdes.cluster023.hosting.ovh.net\/index.php\/wp-json\/wp\/v2\/types\/page"}],"author":[{"embeddable":true,"href":"http:\/\/fousdes.cluster023.hosting.ovh.net\/index.php\/wp-json\/wp\/v2\/users\/1"}],"replies":[{"embeddable":true,"href":"http:\/\/fousdes.cluster023.hosting.ovh.net\/index.php\/wp-json\/wp\/v2\/comments?post=337"}],"version-history":[{"count":9,"href":"http:\/\/fousdes.cluster023.hosting.ovh.net\/index.php\/wp-json\/wp\/v2\/pages\/337\/revisions"}],"predecessor-version":[{"id":818,"href":"http:\/\/fousdes.cluster023.hosting.ovh.net\/index.php\/wp-json\/wp\/v2\/pages\/337\/revisions\/818"}],"wp:attachment":[{"href":"http:\/\/fousdes.cluster023.hosting.ovh.net\/index.php\/wp-json\/wp\/v2\/media?parent=337"}],"curies":[{"name":"wp","href":"https:\/\/api.w.org\/{rel}","templated":true}]}}