{"id":355,"date":"2024-08-04T22:13:16","date_gmt":"2024-08-04T20:13:16","guid":{"rendered":"https:\/\/fousdes.cluster023.hosting.ovh.net\/?page_id=355"},"modified":"2024-09-03T14:14:59","modified_gmt":"2024-09-03T12:14:59","slug":"355-2","status":"publish","type":"page","link":"http:\/\/fousdes.cluster023.hosting.ovh.net\/index.php\/355-2\/","title":{"rendered":"2024"},"content":{"rendered":"\n<figure class=\"wp-block-pullquote\"><blockquote><p><strong><em>Le Pouliguen Sortie 5\u00e8me album<\/em><\/strong><\/p><\/blockquote><\/figure>\n\n\n\n<div class=\"wp-block-group alignfull is-content-justification-center is-nowrap is-layout-flex wp-container-core-group-is-layout-94bc23d7 wp-block-group-is-layout-flex\">\n<figure class=\"wp-block-image size-large is-resized\"><img loading=\"lazy\" decoding=\"async\" width=\"1024\" height=\"1024\" src=\"http:\/\/fousdes.cluster023.hosting.ovh.net\/wp-content\/uploads\/2024\/07\/version-web-1024x1024.jpg\" alt=\"\" class=\"wp-image-36\" style=\"width:413px;height:auto\" srcset=\"http:\/\/fousdes.cluster023.hosting.ovh.net\/wp-content\/uploads\/2024\/07\/version-web-1024x1024.jpg 1024w, http:\/\/fousdes.cluster023.hosting.ovh.net\/wp-content\/uploads\/2024\/07\/version-web-300x300.jpg 300w, http:\/\/fousdes.cluster023.hosting.ovh.net\/wp-content\/uploads\/2024\/07\/version-web-150x150.jpg 150w, http:\/\/fousdes.cluster023.hosting.ovh.net\/wp-content\/uploads\/2024\/07\/version-web-768x767.jpg 768w, http:\/\/fousdes.cluster023.hosting.ovh.net\/wp-content\/uploads\/2024\/07\/version-web-1536x1534.jpg 1536w, http:\/\/fousdes.cluster023.hosting.ovh.net\/wp-content\/uploads\/2024\/07\/version-web-2048x2045.jpg 2048w\" sizes=\"auto, (max-width: 1024px) 100vw, 1024px\" \/><\/figure>\n\n\n\n<figure class=\"wp-block-image size-large is-resized\"><img loading=\"lazy\" decoding=\"async\" width=\"724\" height=\"1024\" src=\"https:\/\/fousdes.cluster023.hosting.ovh.net\/wp-content\/uploads\/2024\/08\/AFFICHE-MODIFIEE-2611-1-724x1024.png\" alt=\"\" class=\"wp-image-469\" style=\"width:298px;height:auto\" srcset=\"http:\/\/fousdes.cluster023.hosting.ovh.net\/wp-content\/uploads\/2024\/08\/AFFICHE-MODIFIEE-2611-1-724x1024.png 724w, http:\/\/fousdes.cluster023.hosting.ovh.net\/wp-content\/uploads\/2024\/08\/AFFICHE-MODIFIEE-2611-1-212x300.png 212w, http:\/\/fousdes.cluster023.hosting.ovh.net\/wp-content\/uploads\/2024\/08\/AFFICHE-MODIFIEE-2611-1-768x1086.png 768w, http:\/\/fousdes.cluster023.hosting.ovh.net\/wp-content\/uploads\/2024\/08\/AFFICHE-MODIFIEE-2611-1-1086x1536.png 1086w, http:\/\/fousdes.cluster023.hosting.ovh.net\/wp-content\/uploads\/2024\/08\/AFFICHE-MODIFIEE-2611-1.png 1358w\" sizes=\"auto, (max-width: 724px) 100vw, 724px\" \/><\/figure>\n\n\n\n<figure class=\"wp-block-image size-large is-resized\"><img loading=\"lazy\" decoding=\"async\" width=\"1024\" height=\"865\" src=\"https:\/\/fousdes.cluster023.hosting.ovh.net\/wp-content\/uploads\/2024\/08\/IMG_20240105_131154-1024x865.jpg\" alt=\"\" class=\"wp-image-470\" style=\"width:492px;height:auto\" srcset=\"http:\/\/fousdes.cluster023.hosting.ovh.net\/wp-content\/uploads\/2024\/08\/IMG_20240105_131154-1024x865.jpg 1024w, http:\/\/fousdes.cluster023.hosting.ovh.net\/wp-content\/uploads\/2024\/08\/IMG_20240105_131154-300x253.jpg 300w, http:\/\/fousdes.cluster023.hosting.ovh.net\/wp-content\/uploads\/2024\/08\/IMG_20240105_131154-768x649.jpg 768w, http:\/\/fousdes.cluster023.hosting.ovh.net\/wp-content\/uploads\/2024\/08\/IMG_20240105_131154-1536x1298.jpg 1536w, http:\/\/fousdes.cluster023.hosting.ovh.net\/wp-content\/uploads\/2024\/08\/IMG_20240105_131154-2048x1730.jpg 2048w\" sizes=\"auto, (max-width: 1024px) 100vw, 1024px\" \/><\/figure>\n<\/div>\n\n\n\n<figure class=\"wp-block-pullquote\"><blockquote><p><strong><em><br>La Baule concert priv\u00e9 H\u00f4tel Les Pl\u00e9iades<\/em><\/strong> (2 Concerts)<\/p><\/blockquote><\/figure>\n\n\n\n<figure class=\"wp-block-pullquote\"><blockquote><p><strong><em>Enregistrement \u00ab\u00a0T&rsquo;as le Look Mat&rsquo;lot\u00a0\u00bb<\/em><\/strong><\/p><\/blockquote><\/figure>\n\n\n\n<figure class=\"wp-block-audio\"><audio controls src=\"http:\/\/fousdes.cluster023.hosting.ovh.net\/wp-content\/uploads\/2024\/08\/Tas-le-look-matelot-1.mp3\"><\/audio><\/figure>\n\n\n\n<div class=\"wp-block-group alignfull is-content-justification-center is-nowrap is-layout-flex wp-container-core-group-is-layout-94bc23d7 wp-block-group-is-layout-flex\">\n<figure class=\"wp-block-image size-full is-resized\"><img loading=\"lazy\" decoding=\"async\" width=\"768\" height=\"1024\" src=\"http:\/\/fousdes.cluster023.hosting.ovh.net\/wp-content\/uploads\/2024\/08\/IMG-20240313-WA0002.jpg\" alt=\"\" class=\"wp-image-473\" style=\"width:361px;height:auto\" srcset=\"http:\/\/fousdes.cluster023.hosting.ovh.net\/wp-content\/uploads\/2024\/08\/IMG-20240313-WA0002.jpg 768w, http:\/\/fousdes.cluster023.hosting.ovh.net\/wp-content\/uploads\/2024\/08\/IMG-20240313-WA0002-225x300.jpg 225w\" sizes=\"auto, (max-width: 768px) 100vw, 768px\" \/><\/figure>\n\n\n\n<figure class=\"wp-block-image size-full is-resized\"><img loading=\"lazy\" decoding=\"async\" width=\"848\" height=\"480\" src=\"https:\/\/fousdes.cluster023.hosting.ovh.net\/wp-content\/uploads\/2024\/08\/VID-20240312-WA0001_exported_165226.jpg\" alt=\"\" class=\"wp-image-475\" style=\"width:836px;height:auto\" srcset=\"http:\/\/fousdes.cluster023.hosting.ovh.net\/wp-content\/uploads\/2024\/08\/VID-20240312-WA0001_exported_165226.jpg 848w, http:\/\/fousdes.cluster023.hosting.ovh.net\/wp-content\/uploads\/2024\/08\/VID-20240312-WA0001_exported_165226-300x170.jpg 300w, http:\/\/fousdes.cluster023.hosting.ovh.net\/wp-content\/uploads\/2024\/08\/VID-20240312-WA0001_exported_165226-768x435.jpg 768w\" sizes=\"auto, (max-width: 848px) 100vw, 848px\" \/><\/figure>\n<\/div>\n\n\n\n<figure class=\"wp-block-pullquote\"><blockquote><p><strong><em><br>Gu\u00e9rande concert priv\u00e9 Vino Vini<\/em><\/strong><\/p><\/blockquote><\/figure>\n\n\n\n<figure class=\"wp-block-pullquote\"><blockquote><p><strong><em><br>Le Pouliguen Concert La Poulligwen en f\u00eate<\/em><\/strong><\/p><\/blockquote><\/figure>\n\n\n<div class=\"wp-block-image\">\n<figure class=\"aligncenter size-large is-resized\"><img loading=\"lazy\" decoding=\"async\" width=\"724\" height=\"1024\" src=\"https:\/\/fousdes.cluster023.hosting.ovh.net\/wp-content\/uploads\/2024\/08\/affiche-724x1024.jpg\" alt=\"\" class=\"wp-image-466\" style=\"width:470px;height:auto\" srcset=\"http:\/\/fousdes.cluster023.hosting.ovh.net\/wp-content\/uploads\/2024\/08\/affiche-724x1024.jpg 724w, http:\/\/fousdes.cluster023.hosting.ovh.net\/wp-content\/uploads\/2024\/08\/affiche-212x300.jpg 212w, http:\/\/fousdes.cluster023.hosting.ovh.net\/wp-content\/uploads\/2024\/08\/affiche-768x1086.jpg 768w, http:\/\/fousdes.cluster023.hosting.ovh.net\/wp-content\/uploads\/2024\/08\/affiche-1086x1536.jpg 1086w, http:\/\/fousdes.cluster023.hosting.ovh.net\/wp-content\/uploads\/2024\/08\/affiche-1448x2048.jpg 1448w, http:\/\/fousdes.cluster023.hosting.ovh.net\/wp-content\/uploads\/2024\/08\/affiche.jpg 1754w\" sizes=\"auto, (max-width: 724px) 100vw, 724px\" \/><\/figure>\n<\/div>\n\n\n<figure class=\"wp-block-pullquote\"><blockquote><p><strong><em>La Baule : Ouverture du concert \u00ab\u00a0Ann\u00e9es 80\u00a0\u00bb Aux Dryades<\/em><\/strong><\/p><\/blockquote><\/figure>\n\n\n\n<div class=\"wp-block-group alignwide is-layout-grid wp-container-core-group-is-layout-9649a0d9 wp-block-group-is-layout-grid\">\n<figure class=\"wp-block-image size-full wp-container-content-e29552f7\"><img loading=\"lazy\" decoding=\"async\" width=\"540\" height=\"960\" src=\"http:\/\/fousdes.cluster023.hosting.ovh.net\/wp-content\/uploads\/2024\/08\/Image-annonce-Dryades.jpg\" alt=\"\" class=\"wp-image-598\" srcset=\"http:\/\/fousdes.cluster023.hosting.ovh.net\/wp-content\/uploads\/2024\/08\/Image-annonce-Dryades.jpg 540w, http:\/\/fousdes.cluster023.hosting.ovh.net\/wp-content\/uploads\/2024\/08\/Image-annonce-Dryades-169x300.jpg 169w\" sizes=\"auto, (max-width: 540px) 100vw, 540px\" \/><\/figure>\n\n\n\n<figure class=\"wp-block-image size-large wp-container-content-5f80b302\"><img loading=\"lazy\" decoding=\"async\" width=\"1024\" height=\"1006\" src=\"http:\/\/fousdes.cluster023.hosting.ovh.net\/wp-content\/uploads\/2024\/08\/IMG_20240816_153537-1-1024x1006.jpg\" alt=\"\" class=\"wp-image-685\" srcset=\"http:\/\/fousdes.cluster023.hosting.ovh.net\/wp-content\/uploads\/2024\/08\/IMG_20240816_153537-1-1024x1006.jpg 1024w, http:\/\/fousdes.cluster023.hosting.ovh.net\/wp-content\/uploads\/2024\/08\/IMG_20240816_153537-1-300x295.jpg 300w, http:\/\/fousdes.cluster023.hosting.ovh.net\/wp-content\/uploads\/2024\/08\/IMG_20240816_153537-1-768x755.jpg 768w, http:\/\/fousdes.cluster023.hosting.ovh.net\/wp-content\/uploads\/2024\/08\/IMG_20240816_153537-1-1536x1509.jpg 1536w, http:\/\/fousdes.cluster023.hosting.ovh.net\/wp-content\/uploads\/2024\/08\/IMG_20240816_153537-1-2048x2012.jpg 2048w\" sizes=\"auto, (max-width: 1024px) 100vw, 1024px\" \/><\/figure>\n\n\n\n<figure class=\"wp-block-image size-large wp-container-content-72558541\"><img loading=\"lazy\" decoding=\"async\" width=\"1024\" height=\"490\" src=\"http:\/\/fousdes.cluster023.hosting.ovh.net\/wp-content\/uploads\/2024\/08\/IMG-Scene-ensemble-1024x490.jpg\" alt=\"\" class=\"wp-image-689\" srcset=\"http:\/\/fousdes.cluster023.hosting.ovh.net\/wp-content\/uploads\/2024\/08\/IMG-Scene-ensemble-1024x490.jpg 1024w, http:\/\/fousdes.cluster023.hosting.ovh.net\/wp-content\/uploads\/2024\/08\/IMG-Scene-ensemble-300x144.jpg 300w, http:\/\/fousdes.cluster023.hosting.ovh.net\/wp-content\/uploads\/2024\/08\/IMG-Scene-ensemble-768x368.jpg 768w, http:\/\/fousdes.cluster023.hosting.ovh.net\/wp-content\/uploads\/2024\/08\/IMG-Scene-ensemble-1536x735.jpg 1536w, http:\/\/fousdes.cluster023.hosting.ovh.net\/wp-content\/uploads\/2024\/08\/IMG-Scene-ensemble.jpg 1600w\" sizes=\"auto, (max-width: 1024px) 100vw, 1024px\" \/><\/figure>\n\n\n\n<figure class=\"wp-block-pullquote has-text-align-center\"><blockquote><p>Les FOUS de BASSAN sur sc\u00e8ne avec Laroche Valmont<\/p><\/blockquote><\/figure>\n<\/div>\n","protected":false},"excerpt":{"rendered":"<p>Le Pouliguen Sortie 5\u00e8me album La Baule concert priv\u00e9 H\u00f4tel Les Pl\u00e9iades (2 Concerts) Enregistrement \u00ab\u00a0T&rsquo;as le Look Mat&rsquo;lot\u00a0\u00bb Gu\u00e9rande concert priv\u00e9 Vino Vini Le Pouliguen Concert La Poulligwen en f\u00eate La Baule : Ouverture du concert \u00ab\u00a0Ann\u00e9es 80\u00a0\u00bb Aux Dryades Les FOUS de BASSAN sur sc\u00e8ne avec Laroche Valmont<\/p>\n","protected":false},"author":1,"featured_media":0,"parent":0,"menu_order":0,"comment_status":"closed","ping_status":"closed","template":"","meta":{"neve_meta_sidebar":"","neve_meta_container":"","neve_meta_enable_content_width":"","neve_meta_content_width":0,"neve_meta_title_alignment":"","neve_meta_author_avatar":"","neve_post_elements_order":"","neve_meta_disable_header":"","neve_meta_disable_footer":"","neve_meta_disable_title":"","footnotes":""},"class_list":["post-355","page","type-page","status-publish","hentry"],"yoast_head":"<!-- This site is optimized with the Yoast SEO plugin v23.4 - https:\/\/yoast.com\/wordpress\/plugins\/seo\/ -->\n<title>2024 - LES FOUS DE BASSAN<\/title>\n<meta name=\"robots\" content=\"index, follow, max-snippet:-1, max-image-preview:large, max-video-preview:-1\" \/>\n<link rel=\"canonical\" href=\"http:\/\/fousdes.cluster023.hosting.ovh.net\/index.php\/355-2\/\" \/>\n<meta property=\"og:locale\" content=\"fr_FR\" \/>\n<meta property=\"og:type\" content=\"article\" \/>\n<meta property=\"og:title\" content=\"2024 - LES FOUS DE BASSAN\" \/>\n<meta property=\"og:description\" content=\"Le Pouliguen Sortie 5\u00e8me album La Baule concert priv\u00e9 H\u00f4tel Les Pl\u00e9iades (2 Concerts) Enregistrement \u00ab\u00a0T&rsquo;as le Look Mat&rsquo;lot\u00a0\u00bb Gu\u00e9rande concert priv\u00e9 Vino Vini Le Pouliguen Concert La Poulligwen en f\u00eate La Baule : Ouverture du concert \u00ab\u00a0Ann\u00e9es 80\u00a0\u00bb Aux Dryades Les FOUS de BASSAN sur sc\u00e8ne avec Laroche Valmont\" \/>\n<meta property=\"og:url\" content=\"http:\/\/fousdes.cluster023.hosting.ovh.net\/index.php\/355-2\/\" \/>\n<meta property=\"og:site_name\" content=\"LES FOUS DE BASSAN\" \/>\n<meta property=\"article:modified_time\" content=\"2024-09-03T12:14:59+00:00\" \/>\n<meta property=\"og:image\" content=\"http:\/\/fousdes.cluster023.hosting.ovh.net\/wp-content\/uploads\/2024\/07\/version-web-1024x1024.jpg\" \/>\n<meta name=\"twitter:card\" content=\"summary_large_image\" \/>\n<meta name=\"twitter:label1\" content=\"Dur\u00e9e de lecture estim\u00e9e\" \/>\n\t<meta name=\"twitter:data1\" content=\"2 minutes\" \/>\n<script type=\"application\/ld+json\" class=\"yoast-schema-graph\">{\"@context\":\"https:\/\/schema.org\",\"@graph\":[{\"@type\":\"WebPage\",\"@id\":\"http:\/\/fousdes.cluster023.hosting.ovh.net\/index.php\/355-2\/\",\"url\":\"http:\/\/fousdes.cluster023.hosting.ovh.net\/index.php\/355-2\/\",\"name\":\"2024 - LES FOUS DE BASSAN\",\"isPartOf\":{\"@id\":\"https:\/\/fousdes.cluster023.hosting.ovh.net\/#website\"},\"primaryImageOfPage\":{\"@id\":\"http:\/\/fousdes.cluster023.hosting.ovh.net\/index.php\/355-2\/#primaryimage\"},\"image\":{\"@id\":\"http:\/\/fousdes.cluster023.hosting.ovh.net\/index.php\/355-2\/#primaryimage\"},\"thumbnailUrl\":\"http:\/\/fousdes.cluster023.hosting.ovh.net\/wp-content\/uploads\/2024\/07\/version-web-1024x1024.jpg\",\"datePublished\":\"2024-08-04T20:13:16+00:00\",\"dateModified\":\"2024-09-03T12:14:59+00:00\",\"breadcrumb\":{\"@id\":\"http:\/\/fousdes.cluster023.hosting.ovh.net\/index.php\/355-2\/#breadcrumb\"},\"inLanguage\":\"fr-FR\",\"potentialAction\":[{\"@type\":\"ReadAction\",\"target\":[\"http:\/\/fousdes.cluster023.hosting.ovh.net\/index.php\/355-2\/\"]}]},{\"@type\":\"ImageObject\",\"inLanguage\":\"fr-FR\",\"@id\":\"http:\/\/fousdes.cluster023.hosting.ovh.net\/index.php\/355-2\/#primaryimage\",\"url\":\"http:\/\/fousdes.cluster023.hosting.ovh.net\/wp-content\/uploads\/2024\/07\/version-web-scaled.jpg\",\"contentUrl\":\"http:\/\/fousdes.cluster023.hosting.ovh.net\/wp-content\/uploads\/2024\/07\/version-web-scaled.jpg\",\"width\":2560,\"height\":2557},{\"@type\":\"BreadcrumbList\",\"@id\":\"http:\/\/fousdes.cluster023.hosting.ovh.net\/index.php\/355-2\/#breadcrumb\",\"itemListElement\":[{\"@type\":\"ListItem\",\"position\":1,\"name\":\"Accueil\",\"item\":\"https:\/\/fousdes.cluster023.hosting.ovh.net\/\"},{\"@type\":\"ListItem\",\"position\":2,\"name\":\"2024\"}]},{\"@type\":\"WebSite\",\"@id\":\"https:\/\/fousdes.cluster023.hosting.ovh.net\/#website\",\"url\":\"https:\/\/fousdes.cluster023.hosting.ovh.net\/\",\"name\":\"LES FOUS DE BASSAN\",\"description\":\"\",\"publisher\":{\"@id\":\"https:\/\/fousdes.cluster023.hosting.ovh.net\/#organization\"},\"potentialAction\":[{\"@type\":\"SearchAction\",\"target\":{\"@type\":\"EntryPoint\",\"urlTemplate\":\"https:\/\/fousdes.cluster023.hosting.ovh.net\/?s={search_term_string}\"},\"query-input\":{\"@type\":\"PropertyValueSpecification\",\"valueRequired\":true,\"valueName\":\"search_term_string\"}}],\"inLanguage\":\"fr-FR\"},{\"@type\":\"Organization\",\"@id\":\"https:\/\/fousdes.cluster023.hosting.ovh.net\/#organization\",\"name\":\"LES FOUS DE BASSAN\",\"url\":\"https:\/\/fousdes.cluster023.hosting.ovh.net\/\",\"logo\":{\"@type\":\"ImageObject\",\"inLanguage\":\"fr-FR\",\"@id\":\"https:\/\/fousdes.cluster023.hosting.ovh.net\/#\/schema\/logo\/image\/\",\"url\":\"http:\/\/fousdes.cluster023.hosting.ovh.net\/wp-content\/uploads\/2024\/07\/cropped-images.png\",\"contentUrl\":\"http:\/\/fousdes.cluster023.hosting.ovh.net\/wp-content\/uploads\/2024\/07\/cropped-images.png\",\"width\":225,\"height\":225,\"caption\":\"LES FOUS DE BASSAN\"},\"image\":{\"@id\":\"https:\/\/fousdes.cluster023.hosting.ovh.net\/#\/schema\/logo\/image\/\"}}]}<\/script>\n<!-- \/ Yoast SEO plugin. -->","yoast_head_json":{"title":"2024 - LES FOUS DE BASSAN","robots":{"index":"index","follow":"follow","max-snippet":"max-snippet:-1","max-image-preview":"max-image-preview:large","max-video-preview":"max-video-preview:-1"},"canonical":"http:\/\/fousdes.cluster023.hosting.ovh.net\/index.php\/355-2\/","og_locale":"fr_FR","og_type":"article","og_title":"2024 - LES FOUS DE BASSAN","og_description":"Le Pouliguen Sortie 5\u00e8me album La Baule concert priv\u00e9 H\u00f4tel Les Pl\u00e9iades (2 Concerts) Enregistrement \u00ab\u00a0T&rsquo;as le Look Mat&rsquo;lot\u00a0\u00bb Gu\u00e9rande concert priv\u00e9 Vino Vini Le Pouliguen Concert La Poulligwen en f\u00eate La Baule : Ouverture du concert \u00ab\u00a0Ann\u00e9es 80\u00a0\u00bb Aux Dryades Les FOUS de BASSAN sur sc\u00e8ne avec Laroche Valmont","og_url":"http:\/\/fousdes.cluster023.hosting.ovh.net\/index.php\/355-2\/","og_site_name":"LES FOUS DE BASSAN","article_modified_time":"2024-09-03T12:14:59+00:00","og_image":[{"url":"http:\/\/fousdes.cluster023.hosting.ovh.net\/wp-content\/uploads\/2024\/07\/version-web-1024x1024.jpg"}],"twitter_card":"summary_large_image","twitter_misc":{"Dur\u00e9e de lecture estim\u00e9e":"2 minutes"},"schema":{"@context":"https:\/\/schema.org","@graph":[{"@type":"WebPage","@id":"http:\/\/fousdes.cluster023.hosting.ovh.net\/index.php\/355-2\/","url":"http:\/\/fousdes.cluster023.hosting.ovh.net\/index.php\/355-2\/","name":"2024 - LES FOUS DE BASSAN","isPartOf":{"@id":"https:\/\/fousdes.cluster023.hosting.ovh.net\/#website"},"primaryImageOfPage":{"@id":"http:\/\/fousdes.cluster023.hosting.ovh.net\/index.php\/355-2\/#primaryimage"},"image":{"@id":"http:\/\/fousdes.cluster023.hosting.ovh.net\/index.php\/355-2\/#primaryimage"},"thumbnailUrl":"http:\/\/fousdes.cluster023.hosting.ovh.net\/wp-content\/uploads\/2024\/07\/version-web-1024x1024.jpg","datePublished":"2024-08-04T20:13:16+00:00","dateModified":"2024-09-03T12:14:59+00:00","breadcrumb":{"@id":"http:\/\/fousdes.cluster023.hosting.ovh.net\/index.php\/355-2\/#breadcrumb"},"inLanguage":"fr-FR","potentialAction":[{"@type":"ReadAction","target":["http:\/\/fousdes.cluster023.hosting.ovh.net\/index.php\/355-2\/"]}]},{"@type":"ImageObject","inLanguage":"fr-FR","@id":"http:\/\/fousdes.cluster023.hosting.ovh.net\/index.php\/355-2\/#primaryimage","url":"http:\/\/fousdes.cluster023.hosting.ovh.net\/wp-content\/uploads\/2024\/07\/version-web-scaled.jpg","contentUrl":"http:\/\/fousdes.cluster023.hosting.ovh.net\/wp-content\/uploads\/2024\/07\/version-web-scaled.jpg","width":2560,"height":2557},{"@type":"BreadcrumbList","@id":"http:\/\/fousdes.cluster023.hosting.ovh.net\/index.php\/355-2\/#breadcrumb","itemListElement":[{"@type":"ListItem","position":1,"name":"Accueil","item":"https:\/\/fousdes.cluster023.hosting.ovh.net\/"},{"@type":"ListItem","position":2,"name":"2024"}]},{"@type":"WebSite","@id":"https:\/\/fousdes.cluster023.hosting.ovh.net\/#website","url":"https:\/\/fousdes.cluster023.hosting.ovh.net\/","name":"LES FOUS DE BASSAN","description":"","publisher":{"@id":"https:\/\/fousdes.cluster023.hosting.ovh.net\/#organization"},"potentialAction":[{"@type":"SearchAction","target":{"@type":"EntryPoint","urlTemplate":"https:\/\/fousdes.cluster023.hosting.ovh.net\/?s={search_term_string}"},"query-input":{"@type":"PropertyValueSpecification","valueRequired":true,"valueName":"search_term_string"}}],"inLanguage":"fr-FR"},{"@type":"Organization","@id":"https:\/\/fousdes.cluster023.hosting.ovh.net\/#organization","name":"LES FOUS DE BASSAN","url":"https:\/\/fousdes.cluster023.hosting.ovh.net\/","logo":{"@type":"ImageObject","inLanguage":"fr-FR","@id":"https:\/\/fousdes.cluster023.hosting.ovh.net\/#\/schema\/logo\/image\/","url":"http:\/\/fousdes.cluster023.hosting.ovh.net\/wp-content\/uploads\/2024\/07\/cropped-images.png","contentUrl":"http:\/\/fousdes.cluster023.hosting.ovh.net\/wp-content\/uploads\/2024\/07\/cropped-images.png","width":225,"height":225,"caption":"LES FOUS DE BASSAN"},"image":{"@id":"https:\/\/fousdes.cluster023.hosting.ovh.net\/#\/schema\/logo\/image\/"}}]}},"_links":{"self":[{"href":"http:\/\/fousdes.cluster023.hosting.ovh.net\/index.php\/wp-json\/wp\/v2\/pages\/355","targetHints":{"allow":["GET"]}}],"collection":[{"href":"http:\/\/fousdes.cluster023.hosting.ovh.net\/index.php\/wp-json\/wp\/v2\/pages"}],"about":[{"href":"http:\/\/fousdes.cluster023.hosting.ovh.net\/index.php\/wp-json\/wp\/v2\/types\/page"}],"author":[{"embeddable":true,"href":"http:\/\/fousdes.cluster023.hosting.ovh.net\/index.php\/wp-json\/wp\/v2\/users\/1"}],"replies":[{"embeddable":true,"href":"http:\/\/fousdes.cluster023.hosting.ovh.net\/index.php\/wp-json\/wp\/v2\/comments?post=355"}],"version-history":[{"count":15,"href":"http:\/\/fousdes.cluster023.hosting.ovh.net\/index.php\/wp-json\/wp\/v2\/pages\/355\/revisions"}],"predecessor-version":[{"id":821,"href":"http:\/\/fousdes.cluster023.hosting.ovh.net\/index.php\/wp-json\/wp\/v2\/pages\/355\/revisions\/821"}],"wp:attachment":[{"href":"http:\/\/fousdes.cluster023.hosting.ovh.net\/index.php\/wp-json\/wp\/v2\/media?parent=355"}],"curies":[{"name":"wp","href":"https:\/\/api.w.org\/{rel}","templated":true}]}}